{"id":2,"date":"2016-05-10T03:48:21","date_gmt":"2016-05-10T03:48:21","guid":{"rendered":"http:\/\/gitarre-isny.de\/?page_id=2"},"modified":"2023-09-28T14:59:39","modified_gmt":"2023-09-28T14:59:39","slug":"sample-page","status":"publish","type":"page","link":"http:\/\/gitarre-isny.de\/?page_id=2","title":{"rendered":"Unterricht"},"content":{"rendered":"\t\t<div data-elementor-type=\"wp-page\" data-elementor-id=\"2\" class=\"elementor elementor-2\" data-elementor-settings=\"[]\">\n\t\t\t<div class=\"elementor-inner\">\n\t\t\t\t<div class=\"elementor-section-wrap\">\n\t\t\t\t\t\t\t<section class=\"elementor-element elementor-element-8719b39 elementor-section-boxed elementor-section-height-default elementor-section-height-default elementor-section elementor-top-section\" data-id=\"8719b39\" data-element_type=\"section\">\n\t\t\t\t\t\t<div class=\"elementor-container elementor-column-gap-default\">\n\t\t\t\t<div class=\"elementor-row\">\n\t\t\t\t<div class=\"elementor-element elementor-element-4a69e70 elementor-column elementor-col-50 elementor-top-column\" data-id=\"4a69e70\" data-element_type=\"column\">\n\t\t\t<div class=\"elementor-column-wrap  elementor-element-populated\">\n\t\t\t\t\t<div class=\"elementor-widget-wrap\">\n\t\t\t\t<div class=\"elementor-element elementor-element-d536e99 elementor-widget elementor-widget-image\" data-id=\"d536e99\" data-element_type=\"widget\" data-widget_type=\"image.default\">\n\t\t\t\t<div class=\"elementor-widget-container\">\n\t\t\t\t\t<div class=\"elementor-image\">\n\t\t\t\t\t\t\t\t\t\t<img width=\"1024\" height=\"768\" src=\"http:\/\/gitarre-isny.de\/wp-content\/uploads\/2018\/09\/Picking2-1024x768.jpg\" class=\"attachment-large size-large\" alt=\"\" decoding=\"async\" loading=\"lazy\" srcset=\"http:\/\/gitarre-isny.de\/wp-content\/uploads\/2018\/09\/Picking2-1024x768.jpg 1024w, http:\/\/gitarre-isny.de\/wp-content\/uploads\/2018\/09\/Picking2-300x225.jpg 300w, http:\/\/gitarre-isny.de\/wp-content\/uploads\/2018\/09\/Picking2-768x576.jpg 768w, http:\/\/gitarre-isny.de\/wp-content\/uploads\/2018\/09\/Picking2-830x623.jpg 830w, http:\/\/gitarre-isny.de\/wp-content\/uploads\/2018\/09\/Picking2-230x173.jpg 230w, http:\/\/gitarre-isny.de\/wp-content\/uploads\/2018\/09\/Picking2-350x263.jpg 350w, http:\/\/gitarre-isny.de\/wp-content\/uploads\/2018\/09\/Picking2-480x360.jpg 480w, http:\/\/gitarre-isny.de\/wp-content\/uploads\/2018\/09\/Picking2.jpg 1600w\" sizes=\"(max-width: 1024px) 100vw, 1024px\" \/>\t\t\t\t\t\t\t\t\t\t\t<\/div>\n\t\t\t\t<\/div>\n\t\t\t\t<\/div>\n\t\t\t\t\t\t<\/div>\n\t\t\t<\/div>\n\t\t<\/div>\n\t\t\t\t<div class=\"elementor-element elementor-element-4d27255 elementor-column elementor-col-50 elementor-top-column\" data-id=\"4d27255\" data-element_type=\"column\">\n\t\t\t<div class=\"elementor-column-wrap  elementor-element-populated\">\n\t\t\t\t\t<div class=\"elementor-widget-wrap\">\n\t\t\t\t<div class=\"elementor-element elementor-element-1518731 elementor-widget elementor-widget-text-editor\" data-id=\"1518731\" data-element_type=\"widget\" data-widget_type=\"text-editor.default\">\n\t\t\t\t<div class=\"elementor-widget-container\">\n\t\t\t\t\t<div class=\"elementor-text-editor elementor-clearfix\"><p>Ich biete f\u00fcr Kinder (ab 6 Jahren) \/\u00a0 Jugendliche w\u00f6chentlich 30 min\u00fctigen Unterricht f\u00fcr 81 \u20ac bzw. 45 min\u00fctigen Unterricht f\u00fcr 121 \u20ac monatlich an. Gruppenunterricht 45 Minuten f\u00fcr Zwei kostet 68 \u20ac pro Sch\u00fcler. Unterrichtstage sind Montag und Freitag, Ferien sind unterrichtsfrei,werden aber durchbezahlt. Erwachsene jeden Alters k\u00f6nnen gerne w\u00f6chentlich kommen, einzelne Stunden nach Absprache sind aber genauso m\u00f6glich. Bei mir erhalten sie einen sehr individuell gestalteten Unterricht,der sich zum einen an ihrem musikalischen Geschmack orientiert,zum anderen Notenlesen,Melodiespiel und\u00a0 Liedbegleitung \/ Akkorde beinhaltet.<\/p><div>Um mit mir in Kontakt zu treten benutzen Sie bitte das Kontaktformular auf meiner Homepage. Gerne rufe ich Sie an, um weitere Details zum Unterricht bei mir zu besprechen.<\/div><\/div>\n\t\t\t\t<\/div>\n\t\t\t\t<\/div>\n\t\t\t\t\t\t<\/div>\n\t\t\t<\/div>\n\t\t<\/div>\n\t\t\t\t\t\t<\/div>\n\t\t\t<\/div>\n\t\t<\/section>\n\t\t\t\t\t\t<\/div>\n\t\t\t<\/div>\n\t\t<\/div>\n\t\t","protected":false},"excerpt":{"rendered":"<p>Ich biete f\u00fcr Kinder (ab 6 Jahren) \/\u00a0 Jugendliche w\u00f6chentlich 30 min\u00fctigen Unterricht f\u00fcr 81 \u20ac bzw. 45 min\u00fctigen Unterricht f\u00fcr 121 \u20ac monatlich an. Gruppenunterricht 45 Minuten f\u00fcr Zwei kostet 68 \u20ac pro Sch\u00fcler. Unterrichtstage sind Montag und Freitag, Ferien sind unterrichtsfrei,werden aber durchbezahlt. Erwachsene jeden Alters k\u00f6nnen gerne w\u00f6chentlich kommen, einzelne Stunden nach [&hellip;]<\/p>\n","protected":false},"author":1,"featured_media":0,"parent":0,"menu_order":0,"comment_status":"closed","ping_status":"open","template":"","meta":[],"_links":{"self":[{"href":"http:\/\/gitarre-isny.de\/index.php?rest_route=\/wp\/v2\/pages\/2"}],"collection":[{"href":"http:\/\/gitarre-isny.de\/index.php?rest_route=\/wp\/v2\/pages"}],"about":[{"href":"http:\/\/gitarre-isny.de\/index.php?rest_route=\/wp\/v2\/types\/page"}],"author":[{"embeddable":true,"href":"http:\/\/gitarre-isny.de\/index.php?rest_route=\/wp\/v2\/users\/1"}],"replies":[{"embeddable":true,"href":"http:\/\/gitarre-isny.de\/index.php?rest_route=%2Fwp%2Fv2%2Fcomments&post=2"}],"version-history":[{"count":16,"href":"http:\/\/gitarre-isny.de\/index.php?rest_route=\/wp\/v2\/pages\/2\/revisions"}],"predecessor-version":[{"id":130,"href":"http:\/\/gitarre-isny.de\/index.php?rest_route=\/wp\/v2\/pages\/2\/revisions\/130"}],"wp:attachment":[{"href":"http:\/\/gitarre-isny.de\/index.php?rest_route=%2Fwp%2Fv2%2Fmedia&parent=2"}],"curies":[{"name":"wp","href":"https:\/\/api.w.org\/{rel}","templated":true}]}}